{"id":1051,"date":"2019-11-04T14:46:49","date_gmt":"2019-11-04T14:46:49","guid":{"rendered":"http:\/\/www.brda.it\/?page_id=1051"},"modified":"2022-04-13T10:03:01","modified_gmt":"2022-04-13T10:03:01","slug":"festival-brda-vino","status":"publish","type":"page","link":"https:\/\/sviluppo.tmedia.it\/brda\/festival-brda-vino\/","title":{"rendered":"Festival BRDA&#038;VINO e altri eventi enogastronomici"},"content":{"rendered":"<p>[vc_row gap=&#8221;&#8221; css=&#8221;.vc_custom_1554977190647{padding-top: 0px !important;padding-bottom: 60px !important;}&#8221;][vc_column][vc_column_text]\u200eL&#8217;evento si svolger\u00e0 il 23\/04\/2022 nel cuore di Brda, presso il villaggio medioevale \u0160martno. Parteciperanno pi\u00f9 di 25 ristoratori, selezionati, provenienti dalla Slovenia, nonch\u00e9 30 viticoltori provenienti da Brda.<\/p>\n<p>L&#8217;evento primaverile BRDA &amp; VINO ha una lunga tradizione. Pochi anni fa, era considerato un evento vitivinicolo solo per intenditori e amanti del settore, ma, negli ultimi anni, ha assunto una nuova dimensione, diventando uno degli eventi enogastronomici pi\u00f9 amati. I piatti tipici di Brda tradizionali, sono stati sostituiti da piatti originali e sofisticati, affiancando cos\u00ec di pari passo i migliori vini della nostra terra.<\/p>\n<p>L&#8217;evento si svolge nel cuore di Brda, presso il villaggio medioevale \u0160martno, ancora molto ben conservato. Parteciperanno pi\u00f9 di 25 ristoratori, selezionati, provenienti dalla Slovenia, nonch\u00e9 30 viticoltori provenienti da Brda. L&#8217;offerta enogastronomica \u00e8 inoltra affiancata dal mercatino di prodotti locali come marmellate, olio d&#8217;oliva, lavanda e altri prodotti locali.<\/p>\n<p>La festa BRDA &amp; VINO 2022 avr\u00e0\u00a0<b>inizio alle ore 12:00 e finir\u00e0 alle ore 19:00.<\/b><\/p>\n<p><b>Entrata: 80 \u20ac comprende ricca scelta enogastronomica, degustazioni di vino con il bicchiere e un programma di intrattenimento.<\/b><\/p>\n<p>Entrata per i bambini: fino a 7 anni gratis \/ da 7 a 15 anni 15,00 \u20ac \/ 15 a 18 anni 20,00 \u20ac (senza il bicchiere da degustazione)<\/p>\n<p><b>Il numero di biglietti \u00e8 limitato!<\/b><\/p>\n<p>Informazione e prenotazioni: brdainvino@gmail.com<\/p>\n<p>\u3164<\/p>\n<p><a href=\"https:\/\/www.agencija-marica.si\/\" target=\"_blank\" rel=\"noopener\">https:\/\/www.agencija-marica.si\/<\/a><\/p>\n<p><a href=\"https:\/\/www.facebook.com\/BRDA-VINO-677008809025959\" target=\"_blank\" rel=\"noopener\">https:\/\/www.facebook.com\/BRDA-VINO-677008809025959<\/a><\/p>\n<p><a href=\"https:\/\/www.brda.si\/eventi_tradizionali\/\" target=\"_blank\" rel=\"noopener\">https:\/\/www.brda.si\/eventi_tradizionali\/<\/a><\/p>\n<p>Info alloggi a Brda: tic@brda.si<\/p>\n<p>TAXI BRDA \u2022 +386 51 366 182 \u2022 taxi.brda@live.com<\/p>\n<p>\u3164<\/p>\n<p><strong>Prossimi eventi:<\/strong><br \/>\n04 e 05\/06\/2022: Festa delle ciliegie<br \/>\n11 e 12\/06\/2022: <a href=\"https:\/\/brda.si\/eventi_tradizionali\/2012050917310294\/Giornate%20delle%20cantine%20aperte\/\" target=\"_blank\" rel=\"noopener\">Cantine aperte<\/a>[\/vc_column_text][vc_empty_space height=&#8221;50px&#8221;][\/vc_column][\/vc_row][vc_row full_width=&#8221;stretch_row_content_no_spaces&#8221; gap=&#8221;&#8221;][vc_column]<div class=\"eltdf-portfolio-list-holder eltdf-pl-masonry eltdf-pl-four-columns eltdf-pl-no-space eltdf-pl-info-on-image-hover eltdf-pl-hover-slide-from-image-bottom\"  data-next-page=\"2\" data-type=\"masonry\" data-number-of-columns=\"4\" data-space-between-items=\"no_space\" data-number-of-items=\"-1\" data-image-proportions=\"full\" data-category=\"eventi\" data-order-by=\"date\" data-order=\"DESC\" data-info-position=\"on-image-hover\" data-image-hover-type1=\"slide-from-image-bottom\" data-disable-title=\"no\" data-title-tag=\"h4\" data-disable-category=\"no\" data-disable-excerpt=\"yes\" data-excerpt-length=\"20\" data-enable-variable-width=\"no\" data-pagination=\"yes\" data-max-num-pages=\"0\"><div class=\"eltdf-pl-inner clearfix\"><div class=\"eltdf-pl-grid-sizer\"><\/div><div class=\"eltdf-pl-grid-gutter\"><\/div><article class=\"eltdf-pl-item eltdf-pl-masonry-large-width-height post-10981 portfolio-item type-portfolio-item status-publish has-post-thumbnail hentry portfolio-category-eventi\">\n\t<div class=\"eltdf-pl-item-inner\">\n\t\t<div class=\"eltdf-pli-image\">\n\t\t\t\t\t\t\t<img width=\"800\" height=\"534\" src=\"https:\/\/sviluppo.tmedia.it\/brda\/wp-content\/uploads\/2019\/11\/Brda-in-Vino-2018-63-of-388.jpg\" class=\"attachment-full size-full wp-post-image\" alt=\"\" loading=\"lazy\" srcset=\"https:\/\/sviluppo.tmedia.it\/brda\/wp-content\/uploads\/2019\/11\/Brda-in-Vino-2018-63-of-388.jpg 800w, https:\/\/sviluppo.tmedia.it\/brda\/wp-content\/uploads\/2019\/11\/Brda-in-Vino-2018-63-of-388-600x401.jpg 600w, https:\/\/sviluppo.tmedia.it\/brda\/wp-content\/uploads\/2019\/11\/Brda-in-Vino-2018-63-of-388-300x200.jpg 300w, https:\/\/sviluppo.tmedia.it\/brda\/wp-content\/uploads\/2019\/11\/Brda-in-Vino-2018-63-of-388-768x513.jpg 768w\" sizes=\"(max-width: 800px) 100vw, 800px\" \/>\t\t\t\t\t\t\t\t<\/div>\n\t\t\t\t\t<div class=\"eltdf-pli-text-holder\">\n\t\t\t\t<div class=\"eltdf-pli-text-wrapper\">\n\t\t\t\t\t<div class=\"eltdf-pli-text\">\n\t\t\t\t\t\t\t\t\t\t\t\t\t<h4 itemprop=\"name\" class=\"eltdf-pli-title entry-title\">\n\t\t\t\t\t\t\t\tFestival BRDA&#038;VINO\t\t\t\t\t\t\t<\/h4>\n\t\t\t\t\t\t\n\t\t\t\t\t\t<div class=\"eltdf-pli-category-holder\"><a itemprop=\"url\" class=\"eltdf-pli-category\" href=\"https:\/\/sviluppo.tmedia.it\/brda\/portfolio-category\/eventi\/\">Eventi<\/a><\/div>\t\t\t\t\t\n\t\t\t\t\t\t\t\t\t\t\t<\/div>\n\t\t\t\t<\/div>\n\t\t\t<\/div>\n\t\t\t\t<a itemprop=\"url\" class=\"eltdf-pli-link\" href=\"https:\/\/sviluppo.tmedia.it\/brda\/portfolio-item\/festival-brdavino-3\/\" target=\"_self\"><\/a>\n\t<\/div>\n<\/article><article class=\"eltdf-pl-item eltdf-pl-masonry-large-height post-10985 portfolio-item type-portfolio-item status-publish has-post-thumbnail hentry portfolio-category-eventi\">\n\t<div class=\"eltdf-pl-item-inner\">\n\t\t<div class=\"eltdf-pli-image\">\n\t\t\t\t\t\t\t<img width=\"2025\" height=\"1350\" src=\"https:\/\/sviluppo.tmedia.it\/brda\/wp-content\/uploads\/2019\/11\/59365282_2412173265509496_1488633199482372096_n.jpg\" class=\"attachment-full size-full wp-post-image\" alt=\"\" loading=\"lazy\" srcset=\"https:\/\/sviluppo.tmedia.it\/brda\/wp-content\/uploads\/2019\/11\/59365282_2412173265509496_1488633199482372096_n.jpg 2025w, https:\/\/sviluppo.tmedia.it\/brda\/wp-content\/uploads\/2019\/11\/59365282_2412173265509496_1488633199482372096_n-600x400.jpg 600w, https:\/\/sviluppo.tmedia.it\/brda\/wp-content\/uploads\/2019\/11\/59365282_2412173265509496_1488633199482372096_n-300x200.jpg 300w, https:\/\/sviluppo.tmedia.it\/brda\/wp-content\/uploads\/2019\/11\/59365282_2412173265509496_1488633199482372096_n-768x512.jpg 768w, https:\/\/sviluppo.tmedia.it\/brda\/wp-content\/uploads\/2019\/11\/59365282_2412173265509496_1488633199482372096_n-1024x683.jpg 1024w, https:\/\/sviluppo.tmedia.it\/brda\/wp-content\/uploads\/2019\/11\/59365282_2412173265509496_1488633199482372096_n-1188x792.jpg 1188w\" sizes=\"(max-width: 2025px) 100vw, 2025px\" \/>\t\t\t\t\t\t\t\t<\/div>\n\t\t\t\t\t<div class=\"eltdf-pli-text-holder\">\n\t\t\t\t<div class=\"eltdf-pli-text-wrapper\">\n\t\t\t\t\t<div class=\"eltdf-pli-text\">\n\t\t\t\t\t\t\t\t\t\t\t\t\t<h4 itemprop=\"name\" class=\"eltdf-pli-title entry-title\">\n\t\t\t\t\t\t\t\tFestival BRDA&#038;VINO\t\t\t\t\t\t\t<\/h4>\n\t\t\t\t\t\t\n\t\t\t\t\t\t<div class=\"eltdf-pli-category-holder\"><a itemprop=\"url\" class=\"eltdf-pli-category\" href=\"https:\/\/sviluppo.tmedia.it\/brda\/portfolio-category\/eventi\/\">Eventi<\/a><\/div>\t\t\t\t\t\n\t\t\t\t\t\t\t\t\t\t\t<\/div>\n\t\t\t\t<\/div>\n\t\t\t<\/div>\n\t\t\t\t<a itemprop=\"url\" class=\"eltdf-pli-link\" href=\"https:\/\/sviluppo.tmedia.it\/brda\/portfolio-item\/festival-brdavino-7\/\" target=\"_self\"><\/a>\n\t<\/div>\n<\/article><article class=\"eltdf-pl-item  post-10984 portfolio-item type-portfolio-item status-publish has-post-thumbnail hentry portfolio-category-eventi\">\n\t<div class=\"eltdf-pl-item-inner\">\n\t\t<div class=\"eltdf-pli-image\">\n\t\t\t\t\t\t\t<img width=\"800\" height=\"533\" src=\"https:\/\/sviluppo.tmedia.it\/brda\/wp-content\/uploads\/2019\/11\/Brda-in-Vino-2018-265-of-388.jpg\" class=\"attachment-full size-full wp-post-image\" alt=\"\" loading=\"lazy\" srcset=\"https:\/\/sviluppo.tmedia.it\/brda\/wp-content\/uploads\/2019\/11\/Brda-in-Vino-2018-265-of-388.jpg 800w, https:\/\/sviluppo.tmedia.it\/brda\/wp-content\/uploads\/2019\/11\/Brda-in-Vino-2018-265-of-388-600x400.jpg 600w, https:\/\/sviluppo.tmedia.it\/brda\/wp-content\/uploads\/2019\/11\/Brda-in-Vino-2018-265-of-388-300x200.jpg 300w, https:\/\/sviluppo.tmedia.it\/brda\/wp-content\/uploads\/2019\/11\/Brda-in-Vino-2018-265-of-388-768x512.jpg 768w\" sizes=\"(max-width: 800px) 100vw, 800px\" \/>\t\t\t\t\t\t\t\t<\/div>\n\t\t\t\t\t<div class=\"eltdf-pli-text-holder\">\n\t\t\t\t<div class=\"eltdf-pli-text-wrapper\">\n\t\t\t\t\t<div class=\"eltdf-pli-text\">\n\t\t\t\t\t\t\t\t\t\t\t\t\t<h4 itemprop=\"name\" class=\"eltdf-pli-title entry-title\">\n\t\t\t\t\t\t\t\tFestival BRDA&#038;VINO\t\t\t\t\t\t\t<\/h4>\n\t\t\t\t\t\t\n\t\t\t\t\t\t<div class=\"eltdf-pli-category-holder\"><a itemprop=\"url\" class=\"eltdf-pli-category\" href=\"https:\/\/sviluppo.tmedia.it\/brda\/portfolio-category\/eventi\/\">Eventi<\/a><\/div>\t\t\t\t\t\n\t\t\t\t\t\t\t\t\t\t\t<\/div>\n\t\t\t\t<\/div>\n\t\t\t<\/div>\n\t\t\t\t<a itemprop=\"url\" class=\"eltdf-pli-link\" href=\"https:\/\/sviluppo.tmedia.it\/brda\/portfolio-item\/festival-brdavino-6\/\" target=\"_self\"><\/a>\n\t<\/div>\n<\/article><article class=\"eltdf-pl-item eltdf-pl-masonry-large-width-height post-10983 portfolio-item type-portfolio-item status-publish has-post-thumbnail hentry portfolio-category-eventi\">\n\t<div class=\"eltdf-pl-item-inner\">\n\t\t<div class=\"eltdf-pli-image\">\n\t\t\t\t\t\t\t<img width=\"800\" height=\"534\" src=\"https:\/\/sviluppo.tmedia.it\/brda\/wp-content\/uploads\/2019\/11\/Brda-in-Vino-2018-188-of-388.jpg\" class=\"attachment-full size-full wp-post-image\" alt=\"\" loading=\"lazy\" srcset=\"https:\/\/sviluppo.tmedia.it\/brda\/wp-content\/uploads\/2019\/11\/Brda-in-Vino-2018-188-of-388.jpg 800w, https:\/\/sviluppo.tmedia.it\/brda\/wp-content\/uploads\/2019\/11\/Brda-in-Vino-2018-188-of-388-600x401.jpg 600w, https:\/\/sviluppo.tmedia.it\/brda\/wp-content\/uploads\/2019\/11\/Brda-in-Vino-2018-188-of-388-300x200.jpg 300w, https:\/\/sviluppo.tmedia.it\/brda\/wp-content\/uploads\/2019\/11\/Brda-in-Vino-2018-188-of-388-768x513.jpg 768w\" sizes=\"(max-width: 800px) 100vw, 800px\" \/>\t\t\t\t\t\t\t\t<\/div>\n\t\t\t\t\t<div class=\"eltdf-pli-text-holder\">\n\t\t\t\t<div class=\"eltdf-pli-text-wrapper\">\n\t\t\t\t\t<div class=\"eltdf-pli-text\">\n\t\t\t\t\t\t\t\t\t\t\t\t\t<h4 itemprop=\"name\" class=\"eltdf-pli-title entry-title\">\n\t\t\t\t\t\t\t\tFestival BRDA&#038;VINO\t\t\t\t\t\t\t<\/h4>\n\t\t\t\t\t\t\n\t\t\t\t\t\t<div class=\"eltdf-pli-category-holder\"><a itemprop=\"url\" class=\"eltdf-pli-category\" href=\"https:\/\/sviluppo.tmedia.it\/brda\/portfolio-category\/eventi\/\">Eventi<\/a><\/div>\t\t\t\t\t\n\t\t\t\t\t\t\t\t\t\t\t<\/div>\n\t\t\t\t<\/div>\n\t\t\t<\/div>\n\t\t\t\t<a itemprop=\"url\" class=\"eltdf-pli-link\" href=\"https:\/\/sviluppo.tmedia.it\/brda\/portfolio-item\/festival-brdavino-5\/\" target=\"_self\"><\/a>\n\t<\/div>\n<\/article><article class=\"eltdf-pl-item  post-10982 portfolio-item type-portfolio-item status-publish has-post-thumbnail hentry portfolio-category-eventi\">\n\t<div class=\"eltdf-pl-item-inner\">\n\t\t<div class=\"eltdf-pli-image\">\n\t\t\t\t\t\t\t<img width=\"800\" height=\"533\" src=\"https:\/\/sviluppo.tmedia.it\/brda\/wp-content\/uploads\/2019\/11\/Brda-in-Vino-2018-180-of-388.jpg\" class=\"attachment-full size-full wp-post-image\" alt=\"\" loading=\"lazy\" srcset=\"https:\/\/sviluppo.tmedia.it\/brda\/wp-content\/uploads\/2019\/11\/Brda-in-Vino-2018-180-of-388.jpg 800w, https:\/\/sviluppo.tmedia.it\/brda\/wp-content\/uploads\/2019\/11\/Brda-in-Vino-2018-180-of-388-600x400.jpg 600w, https:\/\/sviluppo.tmedia.it\/brda\/wp-content\/uploads\/2019\/11\/Brda-in-Vino-2018-180-of-388-300x200.jpg 300w, https:\/\/sviluppo.tmedia.it\/brda\/wp-content\/uploads\/2019\/11\/Brda-in-Vino-2018-180-of-388-768x512.jpg 768w\" sizes=\"(max-width: 800px) 100vw, 800px\" \/>\t\t\t\t\t\t\t\t<\/div>\n\t\t\t\t\t<div class=\"eltdf-pli-text-holder\">\n\t\t\t\t<div class=\"eltdf-pli-text-wrapper\">\n\t\t\t\t\t<div class=\"eltdf-pli-text\">\n\t\t\t\t\t\t\t\t\t\t\t\t\t<h4 itemprop=\"name\" class=\"eltdf-pli-title entry-title\">\n\t\t\t\t\t\t\t\tFestival BRDA&#038;VINO\t\t\t\t\t\t\t<\/h4>\n\t\t\t\t\t\t\n\t\t\t\t\t\t<div class=\"eltdf-pli-category-holder\"><a itemprop=\"url\" class=\"eltdf-pli-category\" href=\"https:\/\/sviluppo.tmedia.it\/brda\/portfolio-category\/eventi\/\">Eventi<\/a><\/div>\t\t\t\t\t\n\t\t\t\t\t\t\t\t\t\t\t<\/div>\n\t\t\t\t<\/div>\n\t\t\t<\/div>\n\t\t\t\t<a itemprop=\"url\" class=\"eltdf-pli-link\" href=\"https:\/\/sviluppo.tmedia.it\/brda\/portfolio-item\/festival-brdavino-4\/\" target=\"_self\"><\/a>\n\t<\/div>\n<\/article><article class=\"eltdf-pl-item eltdf-pl-masonry-large-height post-10980 portfolio-item type-portfolio-item status-publish has-post-thumbnail hentry portfolio-category-eventi\">\n\t<div class=\"eltdf-pl-item-inner\">\n\t\t<div class=\"eltdf-pli-image\">\n\t\t\t\t\t\t\t<img width=\"2025\" height=\"1350\" src=\"https:\/\/sviluppo.tmedia.it\/brda\/wp-content\/uploads\/2019\/11\/88150958_3047263795333770_3713195528872263680_n.jpg\" class=\"attachment-full size-full wp-post-image\" alt=\"\" loading=\"lazy\" srcset=\"https:\/\/sviluppo.tmedia.it\/brda\/wp-content\/uploads\/2019\/11\/88150958_3047263795333770_3713195528872263680_n.jpg 2025w, https:\/\/sviluppo.tmedia.it\/brda\/wp-content\/uploads\/2019\/11\/88150958_3047263795333770_3713195528872263680_n-600x400.jpg 600w, https:\/\/sviluppo.tmedia.it\/brda\/wp-content\/uploads\/2019\/11\/88150958_3047263795333770_3713195528872263680_n-300x200.jpg 300w, https:\/\/sviluppo.tmedia.it\/brda\/wp-content\/uploads\/2019\/11\/88150958_3047263795333770_3713195528872263680_n-768x512.jpg 768w, https:\/\/sviluppo.tmedia.it\/brda\/wp-content\/uploads\/2019\/11\/88150958_3047263795333770_3713195528872263680_n-1024x683.jpg 1024w, https:\/\/sviluppo.tmedia.it\/brda\/wp-content\/uploads\/2019\/11\/88150958_3047263795333770_3713195528872263680_n-1188x792.jpg 1188w\" sizes=\"(max-width: 2025px) 100vw, 2025px\" \/>\t\t\t\t\t\t\t\t<\/div>\n\t\t\t\t\t<div class=\"eltdf-pli-text-holder\">\n\t\t\t\t<div class=\"eltdf-pli-text-wrapper\">\n\t\t\t\t\t<div class=\"eltdf-pli-text\">\n\t\t\t\t\t\t\t\t\t\t\t\t\t<h4 itemprop=\"name\" class=\"eltdf-pli-title entry-title\">\n\t\t\t\t\t\t\t\tFestival BRDA&#038;VINO\t\t\t\t\t\t\t<\/h4>\n\t\t\t\t\t\t\n\t\t\t\t\t\t<div class=\"eltdf-pli-category-holder\"><a itemprop=\"url\" class=\"eltdf-pli-category\" href=\"https:\/\/sviluppo.tmedia.it\/brda\/portfolio-category\/eventi\/\">Eventi<\/a><\/div>\t\t\t\t\t\n\t\t\t\t\t\t\t\t\t\t\t<\/div>\n\t\t\t\t<\/div>\n\t\t\t<\/div>\n\t\t\t\t<a itemprop=\"url\" class=\"eltdf-pli-link\" href=\"https:\/\/sviluppo.tmedia.it\/brda\/portfolio-item\/festival-brdavino-2\/\" target=\"_self\"><\/a>\n\t<\/div>\n<\/article><article class=\"eltdf-pl-item eltdf-pl-masonry-large-height post-10979 portfolio-item type-portfolio-item status-publish has-post-thumbnail hentry portfolio-category-eventi\">\n\t<div class=\"eltdf-pl-item-inner\">\n\t\t<div class=\"eltdf-pli-image\">\n\t\t\t\t\t\t\t<img width=\"1080\" height=\"720\" src=\"https:\/\/sviluppo.tmedia.it\/brda\/wp-content\/uploads\/2019\/11\/275989463_5229470350446426_3066579523055965030_n.jpg\" class=\"attachment-full size-full wp-post-image\" alt=\"\" loading=\"lazy\" srcset=\"https:\/\/sviluppo.tmedia.it\/brda\/wp-content\/uploads\/2019\/11\/275989463_5229470350446426_3066579523055965030_n.jpg 1080w, https:\/\/sviluppo.tmedia.it\/brda\/wp-content\/uploads\/2019\/11\/275989463_5229470350446426_3066579523055965030_n-600x400.jpg 600w, https:\/\/sviluppo.tmedia.it\/brda\/wp-content\/uploads\/2019\/11\/275989463_5229470350446426_3066579523055965030_n-300x200.jpg 300w, https:\/\/sviluppo.tmedia.it\/brda\/wp-content\/uploads\/2019\/11\/275989463_5229470350446426_3066579523055965030_n-768x512.jpg 768w, https:\/\/sviluppo.tmedia.it\/brda\/wp-content\/uploads\/2019\/11\/275989463_5229470350446426_3066579523055965030_n-1024x683.jpg 1024w\" sizes=\"(max-width: 1080px) 100vw, 1080px\" \/>\t\t\t\t\t\t\t\t<\/div>\n\t\t\t\t\t<div class=\"eltdf-pli-text-holder\">\n\t\t\t\t<div class=\"eltdf-pli-text-wrapper\">\n\t\t\t\t\t<div class=\"eltdf-pli-text\">\n\t\t\t\t\t\t\t\t\t\t\t\t\t<h4 itemprop=\"name\" class=\"eltdf-pli-title entry-title\">\n\t\t\t\t\t\t\t\tFestival BRDA&#038;VINO\t\t\t\t\t\t\t<\/h4>\n\t\t\t\t\t\t\n\t\t\t\t\t\t<div class=\"eltdf-pli-category-holder\"><a itemprop=\"url\" class=\"eltdf-pli-category\" href=\"https:\/\/sviluppo.tmedia.it\/brda\/portfolio-category\/eventi\/\">Eventi<\/a><\/div>\t\t\t\t\t\n\t\t\t\t\t\t\t\t\t\t\t<\/div>\n\t\t\t\t<\/div>\n\t\t\t<\/div>\n\t\t\t\t<a itemprop=\"url\" class=\"eltdf-pli-link\" href=\"https:\/\/sviluppo.tmedia.it\/brda\/portfolio-item\/festival-brdavino\/\" target=\"_self\"><\/a>\n\t<\/div>\n<\/article><\/div><\/div>[vc_empty_space height=&#8221;50px&#8221;][\/vc_column][\/vc_row]<\/p>\n","protected":false},"excerpt":{"rendered":"<p>[vc_row gap=&#8221;&#8221; css=&#8221;.vc_custom_1554977190647{padding-top: 0px !important;padding-bottom: 60px !important;}&#8221;][vc_column][vc_column_text]\u200eL&#8217;evento si svolger\u00e0 il 23\/04\/2022 nel cuore di Brda, presso il villaggio medioevale \u0160martno. Parteciperanno pi\u00f9 di 25 ristoratori, selezionati, provenienti dalla Slovenia, nonch\u00e9 30 viticoltori provenienti da Brda. L&#8217;evento primaverile BRDA &amp; VINO ha una lunga tradizione. Pochi [&hellip;]<\/p>\n","protected":false},"author":3,"featured_media":0,"parent":0,"menu_order":0,"comment_status":"closed","ping_status":"closed","template":"","meta":{"_mi_skip_tracking":false},"_links":{"self":[{"href":"https:\/\/sviluppo.tmedia.it\/brda\/wp-json\/wp\/v2\/pages\/1051"}],"collection":[{"href":"https:\/\/sviluppo.tmedia.it\/brda\/wp-json\/wp\/v2\/pages"}],"about":[{"href":"https:\/\/sviluppo.tmedia.it\/brda\/wp-json\/wp\/v2\/types\/page"}],"author":[{"embeddable":true,"href":"https:\/\/sviluppo.tmedia.it\/brda\/wp-json\/wp\/v2\/users\/3"}],"replies":[{"embeddable":true,"href":"https:\/\/sviluppo.tmedia.it\/brda\/wp-json\/wp\/v2\/comments?post=1051"}],"version-history":[{"count":64,"href":"https:\/\/sviluppo.tmedia.it\/brda\/wp-json\/wp\/v2\/pages\/1051\/revisions"}],"predecessor-version":[{"id":11252,"href":"https:\/\/sviluppo.tmedia.it\/brda\/wp-json\/wp\/v2\/pages\/1051\/revisions\/11252"}],"wp:attachment":[{"href":"https:\/\/sviluppo.tmedia.it\/brda\/wp-json\/wp\/v2\/media?parent=1051"}],"curies":[{"name":"wp","href":"https:\/\/api.w.org\/{rel}","templated":true}]}}