{"id":889,"date":"2019-05-20T09:20:45","date_gmt":"2019-05-20T09:20:45","guid":{"rendered":"http:\/\/www.brda.it\/?page_id=889"},"modified":"2022-04-13T12:11:51","modified_gmt":"2022-04-13T12:11:51","slug":"arteculinaria","status":"publish","type":"page","link":"https:\/\/sviluppo.tmedia.it\/brda\/arteculinaria\/","title":{"rendered":"L&#8217;arte culinaria e il vino di Brda\u2026 una vera festa per i sensi"},"content":{"rendered":"<p>[vc_row gap=&#8221;&#8221; css=&#8221;.vc_custom_1554977190647{padding-top: 0px !important;padding-bottom: 60px !important;}&#8221;][vc_column][vc_column_text]\u200eIl patrimonio di intrecci delle specialit\u00e0 culinarie dei tre mondi, attraverso i secoli, si \u00e8 riunito in un&#8217;armonia di sapori, che solo a Brda potete assaporare insieme nello stesso piatto. La nostra cucina \u00e8 leggera, mediterranea e stagionale. In primavera non mancheranno sul piatto germogli selvatici e affettati freschi, d&#8217;estate piatti con ciliegie, fichi e lavanda, in autunno con uva, funghi, zucca e castagne. Prendiamo spunto dalla tradizione delle nostre nonne e vi aggiungiamo approcci freschi e innovativi.<\/p>\n<p>Oltre all&#8217;originalit\u00e0 culinaria c&#8217;\u00e8 anche la tradizione vitivinicola e la dedizione alla terra, che nelle terrazze caratteristiche di Brda fa nascere straordinari vini, che in bocca lasciano una melodia, giocata dalla terra di Brda, dal sole, dalle viti e dall&#8217;amorevolezza dei contadini. Tutto ci\u00f2 lo riconoscono anche valutatori internazionali rinomati e riconosciuti, che ai vini di Brda, in particolare all&#8217;autoctona rebula, attribuiscono eccellenza ed altissima qualit\u00e0.<\/p>\n<p>La CNN colloca Brda tra le 10 grandi regioni vinicole nel mondo ancora da scoprire.<br \/>\nI nostri produttori di vino si collocano fra i TOP 100 migliori vini del mondo.<\/p>\n<p>Niente di strano quindi se il territorio di Brda nel 2015 \u00e8 stato scelto come destinazione europea d&#8217;eccellenza in ambito enogastronomico.<\/p>\n<p>Desiderate portare i vostri sensi ad un&#8217;avventura culinaria?<\/p>\n<p>Scoprite i casolari aperti, dove potrete dedicarvi ai vini e all&#8217;arte culinaria di Brda senza prenotazione.[\/vc_column_text][vc_empty_space height=&#8221;50px&#8221;][vc_btn title=&#8221;Contattaci&#8221; style=&#8221;classic&#8221; shape=&#8221;square&#8221; color=&#8221;success&#8221; align=&#8221;center&#8221; link=&#8221;url:https%3A%2F%2Ftmwebfactory.com%2Findex.php%2Fcontact%2F&#8221;][\/vc_column][\/vc_row][vc_row full_width=&#8221;stretch_row_content_no_spaces&#8221; gap=&#8221;&#8221;][vc_column]<div class=\"eltdf-portfolio-list-holder eltdf-pl-masonry eltdf-pl-four-columns eltdf-pl-no-space eltdf-pl-info-on-image-hover eltdf-pl-hover-slide-from-image-bottom\"  data-next-page=\"2\" data-type=\"masonry\" data-number-of-columns=\"4\" data-space-between-items=\"no_space\" data-number-of-items=\"-1\" data-image-proportions=\"full\" data-category=\"la-cucina-tipica\" data-order-by=\"date\" data-order=\"DESC\" data-info-position=\"on-image-hover\" data-image-hover-type1=\"slide-from-image-bottom\" data-disable-title=\"no\" data-title-tag=\"h4\" data-disable-category=\"no\" data-disable-excerpt=\"yes\" data-excerpt-length=\"20\" data-enable-variable-width=\"no\" data-pagination=\"yes\" data-max-num-pages=\"0\"><div class=\"eltdf-pl-inner clearfix\"><div class=\"eltdf-pl-grid-sizer\"><\/div><div class=\"eltdf-pl-grid-gutter\"><\/div><article class=\"eltdf-pl-item eltdf-pl-masonry-large-width-height post-11000 portfolio-item type-portfolio-item status-publish has-post-thumbnail hentry portfolio-category-la-cucina-tipica\">\n\t<div class=\"eltdf-pl-item-inner\">\n\t\t<div class=\"eltdf-pli-image\">\n\t\t\t\t\t\t\t<img width=\"1500\" height=\"1000\" src=\"https:\/\/sviluppo.tmedia.it\/brda\/wp-content\/uploads\/2019\/06\/DOK-2020-280-of-616_low.jpg\" class=\"attachment-full size-full wp-post-image\" alt=\"\" loading=\"lazy\" srcset=\"https:\/\/sviluppo.tmedia.it\/brda\/wp-content\/uploads\/2019\/06\/DOK-2020-280-of-616_low.jpg 1500w, https:\/\/sviluppo.tmedia.it\/brda\/wp-content\/uploads\/2019\/06\/DOK-2020-280-of-616_low-600x400.jpg 600w, https:\/\/sviluppo.tmedia.it\/brda\/wp-content\/uploads\/2019\/06\/DOK-2020-280-of-616_low-300x200.jpg 300w, https:\/\/sviluppo.tmedia.it\/brda\/wp-content\/uploads\/2019\/06\/DOK-2020-280-of-616_low-768x512.jpg 768w, https:\/\/sviluppo.tmedia.it\/brda\/wp-content\/uploads\/2019\/06\/DOK-2020-280-of-616_low-1024x683.jpg 1024w, https:\/\/sviluppo.tmedia.it\/brda\/wp-content\/uploads\/2019\/06\/DOK-2020-280-of-616_low-1188x792.jpg 1188w\" sizes=\"(max-width: 1500px) 100vw, 1500px\" \/>\t\t\t\t\t\t\t\t<\/div>\n\t\t\t\t\t<div class=\"eltdf-pli-text-holder\">\n\t\t\t\t<div class=\"eltdf-pli-text-wrapper\">\n\t\t\t\t\t<div class=\"eltdf-pli-text\">\n\t\t\t\t\t\t\t\t\t\t\t\t\t<h4 itemprop=\"name\" class=\"eltdf-pli-title entry-title\">\n\t\t\t\t\t\t\t\tCantine aperte\t\t\t\t\t\t\t<\/h4>\n\t\t\t\t\t\t\n\t\t\t\t\t\t<div class=\"eltdf-pli-category-holder\"><a itemprop=\"url\" class=\"eltdf-pli-category\" href=\"https:\/\/sviluppo.tmedia.it\/brda\/portfolio-category\/la-cucina-tipica\/\">La cucina tipica<\/a><\/div>\t\t\t\t\t\n\t\t\t\t\t\t\t\t\t\t\t<\/div>\n\t\t\t\t<\/div>\n\t\t\t<\/div>\n\t\t\t\t<a itemprop=\"url\" class=\"eltdf-pli-link\" href=\"https:\/\/sviluppo.tmedia.it\/brda\/portfolio-item\/cantine-aperte\/\" target=\"_self\"><\/a>\n\t<\/div>\n<\/article><article class=\"eltdf-pl-item  post-10998 portfolio-item type-portfolio-item status-publish has-post-thumbnail hentry portfolio-category-la-cucina-tipica\">\n\t<div class=\"eltdf-pl-item-inner\">\n\t\t<div class=\"eltdf-pli-image\">\n\t\t\t\t\t\t\t<img width=\"1500\" height=\"1000\" src=\"https:\/\/sviluppo.tmedia.it\/brda\/wp-content\/uploads\/2019\/06\/kul07.jpg\" class=\"attachment-full size-full wp-post-image\" alt=\"\" loading=\"lazy\" srcset=\"https:\/\/sviluppo.tmedia.it\/brda\/wp-content\/uploads\/2019\/06\/kul07.jpg 1500w, https:\/\/sviluppo.tmedia.it\/brda\/wp-content\/uploads\/2019\/06\/kul07-600x400.jpg 600w, https:\/\/sviluppo.tmedia.it\/brda\/wp-content\/uploads\/2019\/06\/kul07-300x200.jpg 300w, https:\/\/sviluppo.tmedia.it\/brda\/wp-content\/uploads\/2019\/06\/kul07-768x512.jpg 768w, https:\/\/sviluppo.tmedia.it\/brda\/wp-content\/uploads\/2019\/06\/kul07-1024x683.jpg 1024w, https:\/\/sviluppo.tmedia.it\/brda\/wp-content\/uploads\/2019\/06\/kul07-1188x792.jpg 1188w\" sizes=\"(max-width: 1500px) 100vw, 1500px\" \/>\t\t\t\t\t\t\t\t<\/div>\n\t\t\t\t\t<div class=\"eltdf-pli-text-holder\">\n\t\t\t\t<div class=\"eltdf-pli-text-wrapper\">\n\t\t\t\t\t<div class=\"eltdf-pli-text\">\n\t\t\t\t\t\t\t\t\t\t\t\t\t<h4 itemprop=\"name\" class=\"eltdf-pli-title entry-title\">\n\t\t\t\t\t\t\t\tI piatti della tradizione\t\t\t\t\t\t\t<\/h4>\n\t\t\t\t\t\t\n\t\t\t\t\t\t<div class=\"eltdf-pli-category-holder\"><a itemprop=\"url\" class=\"eltdf-pli-category\" href=\"https:\/\/sviluppo.tmedia.it\/brda\/portfolio-category\/la-cucina-tipica\/\">La cucina tipica<\/a><\/div>\t\t\t\t\t\n\t\t\t\t\t\t\t\t\t\t\t<\/div>\n\t\t\t\t<\/div>\n\t\t\t<\/div>\n\t\t\t\t<a itemprop=\"url\" class=\"eltdf-pli-link\" href=\"https:\/\/sviluppo.tmedia.it\/brda\/portfolio-item\/i-piatti-della-tradizione\/\" target=\"_self\"><\/a>\n\t<\/div>\n<\/article><article class=\"eltdf-pl-item  post-10996 portfolio-item type-portfolio-item status-publish has-post-thumbnail hentry portfolio-category-la-cucina-tipica\">\n\t<div class=\"eltdf-pl-item-inner\">\n\t\t<div class=\"eltdf-pli-image\">\n\t\t\t\t\t\t\t<img width=\"1500\" height=\"998\" src=\"https:\/\/sviluppo.tmedia.it\/brda\/wp-content\/uploads\/2019\/06\/frtalja_low.jpg\" class=\"attachment-full size-full wp-post-image\" alt=\"\" loading=\"lazy\" srcset=\"https:\/\/sviluppo.tmedia.it\/brda\/wp-content\/uploads\/2019\/06\/frtalja_low.jpg 1500w, https:\/\/sviluppo.tmedia.it\/brda\/wp-content\/uploads\/2019\/06\/frtalja_low-600x399.jpg 600w, https:\/\/sviluppo.tmedia.it\/brda\/wp-content\/uploads\/2019\/06\/frtalja_low-300x200.jpg 300w, https:\/\/sviluppo.tmedia.it\/brda\/wp-content\/uploads\/2019\/06\/frtalja_low-768x511.jpg 768w, https:\/\/sviluppo.tmedia.it\/brda\/wp-content\/uploads\/2019\/06\/frtalja_low-1024x680.jpg 1024w, https:\/\/sviluppo.tmedia.it\/brda\/wp-content\/uploads\/2019\/06\/frtalja_low-1190x792.jpg 1190w\" sizes=\"(max-width: 1500px) 100vw, 1500px\" \/>\t\t\t\t\t\t\t\t<\/div>\n\t\t\t\t\t<div class=\"eltdf-pli-text-holder\">\n\t\t\t\t<div class=\"eltdf-pli-text-wrapper\">\n\t\t\t\t\t<div class=\"eltdf-pli-text\">\n\t\t\t\t\t\t\t\t\t\t\t\t\t<h4 itemprop=\"name\" class=\"eltdf-pli-title entry-title\">\n\t\t\t\t\t\t\t\tFrittata alle erbe\t\t\t\t\t\t\t<\/h4>\n\t\t\t\t\t\t\n\t\t\t\t\t\t<div class=\"eltdf-pli-category-holder\"><a itemprop=\"url\" class=\"eltdf-pli-category\" href=\"https:\/\/sviluppo.tmedia.it\/brda\/portfolio-category\/la-cucina-tipica\/\">La cucina tipica<\/a><\/div>\t\t\t\t\t\n\t\t\t\t\t\t\t\t\t\t\t<\/div>\n\t\t\t\t<\/div>\n\t\t\t<\/div>\n\t\t\t\t<a itemprop=\"url\" class=\"eltdf-pli-link\" href=\"https:\/\/sviluppo.tmedia.it\/brda\/portfolio-item\/frittata-alle-erbe\/\" target=\"_self\"><\/a>\n\t<\/div>\n<\/article><article class=\"eltdf-pl-item eltdf-pl-masonry-large-width-height post-10994 portfolio-item type-portfolio-item status-publish has-post-thumbnail hentry portfolio-category-la-cucina-tipica\">\n\t<div class=\"eltdf-pl-item-inner\">\n\t\t<div class=\"eltdf-pli-image\">\n\t\t\t\t\t\t\t<img width=\"1200\" height=\"801\" src=\"https:\/\/sviluppo.tmedia.it\/brda\/wp-content\/uploads\/2019\/06\/Cherries-from-Brda_low.jpg\" class=\"attachment-full size-full wp-post-image\" alt=\"\" loading=\"lazy\" srcset=\"https:\/\/sviluppo.tmedia.it\/brda\/wp-content\/uploads\/2019\/06\/Cherries-from-Brda_low.jpg 1200w, https:\/\/sviluppo.tmedia.it\/brda\/wp-content\/uploads\/2019\/06\/Cherries-from-Brda_low-600x401.jpg 600w, https:\/\/sviluppo.tmedia.it\/brda\/wp-content\/uploads\/2019\/06\/Cherries-from-Brda_low-300x200.jpg 300w, https:\/\/sviluppo.tmedia.it\/brda\/wp-content\/uploads\/2019\/06\/Cherries-from-Brda_low-768x513.jpg 768w, https:\/\/sviluppo.tmedia.it\/brda\/wp-content\/uploads\/2019\/06\/Cherries-from-Brda_low-1024x684.jpg 1024w, https:\/\/sviluppo.tmedia.it\/brda\/wp-content\/uploads\/2019\/06\/Cherries-from-Brda_low-1187x792.jpg 1187w\" sizes=\"(max-width: 1200px) 100vw, 1200px\" \/>\t\t\t\t\t\t\t\t<\/div>\n\t\t\t\t\t<div class=\"eltdf-pli-text-holder\">\n\t\t\t\t<div class=\"eltdf-pli-text-wrapper\">\n\t\t\t\t\t<div class=\"eltdf-pli-text\">\n\t\t\t\t\t\t\t\t\t\t\t\t\t<h4 itemprop=\"name\" class=\"eltdf-pli-title entry-title\">\n\t\t\t\t\t\t\t\tCiliegie\t\t\t\t\t\t\t<\/h4>\n\t\t\t\t\t\t\n\t\t\t\t\t\t<div class=\"eltdf-pli-category-holder\"><a itemprop=\"url\" class=\"eltdf-pli-category\" href=\"https:\/\/sviluppo.tmedia.it\/brda\/portfolio-category\/la-cucina-tipica\/\">La cucina tipica<\/a><\/div>\t\t\t\t\t\n\t\t\t\t\t\t\t\t\t\t\t<\/div>\n\t\t\t\t<\/div>\n\t\t\t<\/div>\n\t\t\t\t<a itemprop=\"url\" class=\"eltdf-pli-link\" href=\"https:\/\/sviluppo.tmedia.it\/brda\/portfolio-item\/ciliegie\/\" target=\"_self\"><\/a>\n\t<\/div>\n<\/article><article class=\"eltdf-pl-item  post-10993 portfolio-item type-portfolio-item status-publish has-post-thumbnail hentry portfolio-category-la-cucina-tipica\">\n\t<div class=\"eltdf-pl-item-inner\">\n\t\t<div class=\"eltdf-pli-image\">\n\t\t\t\t\t\t\t<img width=\"1429\" height=\"953\" src=\"https:\/\/sviluppo.tmedia.it\/brda\/wp-content\/uploads\/2019\/06\/DOK-2020-455-of-616_low.jpg\" class=\"attachment-full size-full wp-post-image\" alt=\"\" loading=\"lazy\" srcset=\"https:\/\/sviluppo.tmedia.it\/brda\/wp-content\/uploads\/2019\/06\/DOK-2020-455-of-616_low.jpg 1429w, https:\/\/sviluppo.tmedia.it\/brda\/wp-content\/uploads\/2019\/06\/DOK-2020-455-of-616_low-600x400.jpg 600w, https:\/\/sviluppo.tmedia.it\/brda\/wp-content\/uploads\/2019\/06\/DOK-2020-455-of-616_low-300x200.jpg 300w, https:\/\/sviluppo.tmedia.it\/brda\/wp-content\/uploads\/2019\/06\/DOK-2020-455-of-616_low-768x512.jpg 768w, https:\/\/sviluppo.tmedia.it\/brda\/wp-content\/uploads\/2019\/06\/DOK-2020-455-of-616_low-1024x683.jpg 1024w, https:\/\/sviluppo.tmedia.it\/brda\/wp-content\/uploads\/2019\/06\/DOK-2020-455-of-616_low-1188x792.jpg 1188w\" sizes=\"(max-width: 1429px) 100vw, 1429px\" \/>\t\t\t\t\t\t\t\t<\/div>\n\t\t\t\t\t<div class=\"eltdf-pli-text-holder\">\n\t\t\t\t<div class=\"eltdf-pli-text-wrapper\">\n\t\t\t\t\t<div class=\"eltdf-pli-text\">\n\t\t\t\t\t\t\t\t\t\t\t\t\t<h4 itemprop=\"name\" class=\"eltdf-pli-title entry-title\">\n\t\t\t\t\t\t\t\tIl taglio del prosciutto\t\t\t\t\t\t\t<\/h4>\n\t\t\t\t\t\t\n\t\t\t\t\t\t<div class=\"eltdf-pli-category-holder\"><a itemprop=\"url\" class=\"eltdf-pli-category\" href=\"https:\/\/sviluppo.tmedia.it\/brda\/portfolio-category\/la-cucina-tipica\/\">La cucina tipica<\/a><\/div>\t\t\t\t\t\n\t\t\t\t\t\t\t\t\t\t\t<\/div>\n\t\t\t\t<\/div>\n\t\t\t<\/div>\n\t\t\t\t<a itemprop=\"url\" class=\"eltdf-pli-link\" href=\"https:\/\/sviluppo.tmedia.it\/brda\/portfolio-item\/il-taglio-del-prosciutto\/\" target=\"_self\"><\/a>\n\t<\/div>\n<\/article><article class=\"eltdf-pl-item  post-10991 portfolio-item type-portfolio-item status-publish has-post-thumbnail hentry portfolio-category-la-cucina-tipica\">\n\t<div class=\"eltdf-pl-item-inner\">\n\t\t<div class=\"eltdf-pli-image\">\n\t\t\t\t\t\t\t<img width=\"1429\" height=\"952\" src=\"https:\/\/sviluppo.tmedia.it\/brda\/wp-content\/uploads\/2019\/06\/\u010ce\u0161njeva-marmelada-7-of-7_low.jpg\" class=\"attachment-full size-full wp-post-image\" alt=\"\" loading=\"lazy\" srcset=\"https:\/\/sviluppo.tmedia.it\/brda\/wp-content\/uploads\/2019\/06\/\u010ce\u0161njeva-marmelada-7-of-7_low.jpg 1429w, https:\/\/sviluppo.tmedia.it\/brda\/wp-content\/uploads\/2019\/06\/\u010ce\u0161njeva-marmelada-7-of-7_low-600x400.jpg 600w, https:\/\/sviluppo.tmedia.it\/brda\/wp-content\/uploads\/2019\/06\/\u010ce\u0161njeva-marmelada-7-of-7_low-300x200.jpg 300w, https:\/\/sviluppo.tmedia.it\/brda\/wp-content\/uploads\/2019\/06\/\u010ce\u0161njeva-marmelada-7-of-7_low-768x512.jpg 768w, https:\/\/sviluppo.tmedia.it\/brda\/wp-content\/uploads\/2019\/06\/\u010ce\u0161njeva-marmelada-7-of-7_low-1024x682.jpg 1024w, https:\/\/sviluppo.tmedia.it\/brda\/wp-content\/uploads\/2019\/06\/\u010ce\u0161njeva-marmelada-7-of-7_low-1189x792.jpg 1189w\" sizes=\"(max-width: 1429px) 100vw, 1429px\" \/>\t\t\t\t\t\t\t\t<\/div>\n\t\t\t\t\t<div class=\"eltdf-pli-text-holder\">\n\t\t\t\t<div class=\"eltdf-pli-text-wrapper\">\n\t\t\t\t\t<div class=\"eltdf-pli-text\">\n\t\t\t\t\t\t\t\t\t\t\t\t\t<h4 itemprop=\"name\" class=\"eltdf-pli-title entry-title\">\n\t\t\t\t\t\t\t\tMarmellata di ciliegie\t\t\t\t\t\t\t<\/h4>\n\t\t\t\t\t\t\n\t\t\t\t\t\t<div class=\"eltdf-pli-category-holder\"><a itemprop=\"url\" class=\"eltdf-pli-category\" href=\"https:\/\/sviluppo.tmedia.it\/brda\/portfolio-category\/la-cucina-tipica\/\">La cucina tipica<\/a><\/div>\t\t\t\t\t\n\t\t\t\t\t\t\t\t\t\t\t<\/div>\n\t\t\t\t<\/div>\n\t\t\t<\/div>\n\t\t\t\t<a itemprop=\"url\" class=\"eltdf-pli-link\" href=\"https:\/\/sviluppo.tmedia.it\/brda\/portfolio-item\/marmellata-di-ciliegie\/\" target=\"_self\"><\/a>\n\t<\/div>\n<\/article><article class=\"eltdf-pl-item eltdf-pl-masonry-large-width-height post-10986 portfolio-item type-portfolio-item status-publish has-post-thumbnail hentry portfolio-category-la-cucina-tipica\">\n\t<div class=\"eltdf-pl-item-inner\">\n\t\t<div class=\"eltdf-pli-image\">\n\t\t\t\t\t\t\t<img width=\"750\" height=\"1000\" src=\"https:\/\/sviluppo.tmedia.it\/brda\/wp-content\/uploads\/2019\/06\/kul01.jpg\" class=\"attachment-full size-full wp-post-image\" alt=\"\" loading=\"lazy\" srcset=\"https:\/\/sviluppo.tmedia.it\/brda\/wp-content\/uploads\/2019\/06\/kul01.jpg 750w, https:\/\/sviluppo.tmedia.it\/brda\/wp-content\/uploads\/2019\/06\/kul01-600x800.jpg 600w, https:\/\/sviluppo.tmedia.it\/brda\/wp-content\/uploads\/2019\/06\/kul01-225x300.jpg 225w, https:\/\/sviluppo.tmedia.it\/brda\/wp-content\/uploads\/2019\/06\/kul01-594x792.jpg 594w\" sizes=\"(max-width: 750px) 100vw, 750px\" \/>\t\t\t\t\t\t\t\t<\/div>\n\t\t\t\t\t<div class=\"eltdf-pli-text-holder\">\n\t\t\t\t<div class=\"eltdf-pli-text-wrapper\">\n\t\t\t\t\t<div class=\"eltdf-pli-text\">\n\t\t\t\t\t\t\t\t\t\t\t\t\t<h4 itemprop=\"name\" class=\"eltdf-pli-title entry-title\">\n\t\t\t\t\t\t\t\tDegustazione di oli e formaggi\t\t\t\t\t\t\t<\/h4>\n\t\t\t\t\t\t\n\t\t\t\t\t\t<div class=\"eltdf-pli-category-holder\"><a itemprop=\"url\" class=\"eltdf-pli-category\" href=\"https:\/\/sviluppo.tmedia.it\/brda\/portfolio-category\/la-cucina-tipica\/\">La cucina tipica<\/a><\/div>\t\t\t\t\t\n\t\t\t\t\t\t\t\t\t\t\t<\/div>\n\t\t\t\t<\/div>\n\t\t\t<\/div>\n\t\t\t\t<a itemprop=\"url\" class=\"eltdf-pli-link\" href=\"https:\/\/sviluppo.tmedia.it\/brda\/portfolio-item\/degustazione-di-oli-e-formaggi\/\" target=\"_self\"><\/a>\n\t<\/div>\n<\/article><article class=\"eltdf-pl-item eltdf-pl-masonry-large-width-height post-11249 portfolio-item type-portfolio-item status-publish has-post-thumbnail hentry portfolio-category-la-cucina-tipica\">\n\t<div class=\"eltdf-pl-item-inner\">\n\t\t<div class=\"eltdf-pli-image\">\n\t\t\t\t\t\t\t<img width=\"1500\" height=\"1000\" src=\"https:\/\/sviluppo.tmedia.it\/brda\/wp-content\/uploads\/2019\/06\/ciliegie01.jpg\" class=\"attachment-full size-full wp-post-image\" alt=\"\" loading=\"lazy\" srcset=\"https:\/\/sviluppo.tmedia.it\/brda\/wp-content\/uploads\/2019\/06\/ciliegie01.jpg 1500w, https:\/\/sviluppo.tmedia.it\/brda\/wp-content\/uploads\/2019\/06\/ciliegie01-600x400.jpg 600w, https:\/\/sviluppo.tmedia.it\/brda\/wp-content\/uploads\/2019\/06\/ciliegie01-300x200.jpg 300w, https:\/\/sviluppo.tmedia.it\/brda\/wp-content\/uploads\/2019\/06\/ciliegie01-768x512.jpg 768w, https:\/\/sviluppo.tmedia.it\/brda\/wp-content\/uploads\/2019\/06\/ciliegie01-1024x683.jpg 1024w, https:\/\/sviluppo.tmedia.it\/brda\/wp-content\/uploads\/2019\/06\/ciliegie01-1188x792.jpg 1188w\" sizes=\"(max-width: 1500px) 100vw, 1500px\" \/>\t\t\t\t\t\t\t\t<\/div>\n\t\t\t\t\t<div class=\"eltdf-pli-text-holder\">\n\t\t\t\t<div class=\"eltdf-pli-text-wrapper\">\n\t\t\t\t\t<div class=\"eltdf-pli-text\">\n\t\t\t\t\t\t\t\t\t\t\t\t\t<h4 itemprop=\"name\" class=\"eltdf-pli-title entry-title\">\n\t\t\t\t\t\t\t\tDolci tipici\t\t\t\t\t\t\t<\/h4>\n\t\t\t\t\t\t\n\t\t\t\t\t\t<div class=\"eltdf-pli-category-holder\"><a itemprop=\"url\" class=\"eltdf-pli-category\" href=\"https:\/\/sviluppo.tmedia.it\/brda\/portfolio-category\/la-cucina-tipica\/\">La cucina tipica<\/a><\/div>\t\t\t\t\t\n\t\t\t\t\t\t\t\t\t\t\t<\/div>\n\t\t\t\t<\/div>\n\t\t\t<\/div>\n\t\t\t\t<a itemprop=\"url\" class=\"eltdf-pli-link\" href=\"https:\/\/sviluppo.tmedia.it\/brda\/portfolio-item\/dolci-tipici\/\" target=\"_self\"><\/a>\n\t<\/div>\n<\/article><\/div><\/div>[vc_empty_space height=&#8221;50px&#8221;][\/vc_column][\/vc_row]<\/p>\n","protected":false},"excerpt":{"rendered":"<p>[vc_row gap=&#8221;&#8221; css=&#8221;.vc_custom_1554977190647{padding-top: 0px !important;padding-bottom: 60px !important;}&#8221;][vc_column][vc_column_text]\u200eIl patrimonio di intrecci delle specialit\u00e0 culinarie dei tre mondi, attraverso i secoli, si \u00e8 riunito in un&#8217;armonia di sapori, che solo a Brda potete assaporare insieme nello stesso piatto. La nostra cucina \u00e8 leggera, mediterranea e stagionale. In [&hellip;]<\/p>\n","protected":false},"author":3,"featured_media":0,"parent":0,"menu_order":0,"comment_status":"closed","ping_status":"closed","template":"","meta":{"_mi_skip_tracking":false},"_links":{"self":[{"href":"https:\/\/sviluppo.tmedia.it\/brda\/wp-json\/wp\/v2\/pages\/889"}],"collection":[{"href":"https:\/\/sviluppo.tmedia.it\/brda\/wp-json\/wp\/v2\/pages"}],"about":[{"href":"https:\/\/sviluppo.tmedia.it\/brda\/wp-json\/wp\/v2\/types\/page"}],"author":[{"embeddable":true,"href":"https:\/\/sviluppo.tmedia.it\/brda\/wp-json\/wp\/v2\/users\/3"}],"replies":[{"embeddable":true,"href":"https:\/\/sviluppo.tmedia.it\/brda\/wp-json\/wp\/v2\/comments?post=889"}],"version-history":[{"count":18,"href":"https:\/\/sviluppo.tmedia.it\/brda\/wp-json\/wp\/v2\/pages\/889\/revisions"}],"predecessor-version":[{"id":11296,"href":"https:\/\/sviluppo.tmedia.it\/brda\/wp-json\/wp\/v2\/pages\/889\/revisions\/11296"}],"wp:attachment":[{"href":"https:\/\/sviluppo.tmedia.it\/brda\/wp-json\/wp\/v2\/media?parent=889"}],"curies":[{"name":"wp","href":"https:\/\/api.w.org\/{rel}","templated":true}]}}